{"id":2,"date":"2010-04-01T10:59:21","date_gmt":"2010-04-01T10:59:21","guid":{"rendered":"http:\/\/mblaisgallery.com\/home\/?page_id=2"},"modified":"2011-04-25T21:37:01","modified_gmt":"2011-04-25T21:37:01","slug":"info","status":"publish","type":"page","link":"http:\/\/mblaisgallery.com\/home\/","title":{"rendered":"Michel Blais Gallery"},"content":{"rendered":"<p>Thank you for visiting our online gallery. Michel Blais gallery is located in beautiful Vancouver, Canada. Since 1984, we have been proudly represnting top French-Canadian artists. Our permanent collection includes masterful works by\u00a0 Claude Th\u00e9berge, Corno, Marcelle Dub\u00e9, Pierre Patry, Albini LeBlanc, Johanne Cullen, Paule Lagac\u00e9 and Marc Simeon.<br \/>\nWe hope you enjoy your visit.<\/p>\n<table style=\"height: 566px;\" border=\"0\" cellspacing=\"0\" cellpadding=\"7\" width=\"700\" align=\"left\">\n<tbody>\n<tr>\n<td>\n<div><a href=\"http:\/\/mblaisgallery.com\/home\/category\/ginette-beaulieu\/\" target=\"_self\"><img loading=\"lazy\" decoding=\"async\" class=\"alignnone size-full wp-image-524\" title=\"beaulieu\" src=\"http:\/\/mblaisgallery.com\/home\/wp-content\/uploads\/2010\/04\/beaulieu.jpg\" alt=\"\" width=\"90\" height=\"100\" \/><\/a><\/div>\n<\/td>\n<td>\n<div><a href=\"http:\/\/mblaisgallery.com\/home\/category\/helene-beliveau\/\" target=\"_self\"><img loading=\"lazy\" decoding=\"async\" class=\"alignnone size-full wp-image-525\" title=\"beliveau\" src=\"http:\/\/mblaisgallery.com\/home\/wp-content\/uploads\/2010\/04\/beliveau.jpg\" alt=\"\" width=\"90\" height=\"100\" \/><\/a><\/div>\n<\/td>\n<td>\n<div><a href=\"http:\/\/mblaisgallery.com\/home\/category\/corno\/\" target=\"_self\"><img loading=\"lazy\" decoding=\"async\" class=\"alignnone size-full wp-image-526\" title=\"corno\" src=\"http:\/\/mblaisgallery.com\/home\/wp-content\/uploads\/2010\/04\/corno.jpg\" alt=\"\" width=\"90\" height=\"100\" \/><\/a><\/div>\n<\/td>\n<td>\n<div><a href=\"http:\/\/mblaisgallery.com\/home\/category\/johanne-cullen\/\" target=\"_self\"><img loading=\"lazy\" decoding=\"async\" class=\"alignnone size-full wp-image-527\" title=\"cullen\" src=\"http:\/\/mblaisgallery.com\/home\/wp-content\/uploads\/2010\/04\/cullen.jpg\" alt=\"\" width=\"90\" height=\"100\" \/><\/a><\/div>\n<\/td>\n<td>\n<div><a href=\"http:\/\/mblaisgallery.com\/home\/category\/marcelle-dube\/\" target=\"_self\"><img loading=\"lazy\" decoding=\"async\" class=\"alignnone size-full wp-image-528\" title=\"dube\" src=\"http:\/\/mblaisgallery.com\/home\/wp-content\/uploads\/2010\/04\/dube.jpg\" alt=\"\" width=\"90\" height=\"100\" \/><\/a><\/div>\n<\/td>\n<td><\/td>\n<\/tr>\n<tr>\n<td>\n<div><a href=\"http:\/\/mblaisgallery.com\/home\/category\/ginette-beaulieu\/\" target=\"_self\"><span class=\"namelinks\">Ginette Beaulieu<\/span><\/a><\/div>\n<\/td>\n<td>\n<div><a href=\"http:\/\/mblaisgallery.com\/home\/category\/helene-beliveau\/\" target=\"_self\">H\u00e9l\u00e8ne B\u00e9liveau<\/a><\/div>\n<\/td>\n<td>\n<div><a href=\"http:\/\/mblaisgallery.com\/home\/category\/corno\/\" target=\"_self\">Corno<\/a><\/div>\n<\/td>\n<td>\n<div><a href=\"http:\/\/mblaisgallery.com\/home\/category\/johanne-cullen\/\" target=\"_self\">Johanne Cullen<\/a><\/div>\n<\/td>\n<td>\n<div><a href=\"http:\/\/mblaisgallery.com\/home\/category\/marcelle-dube\/\" target=\"_self\">Marcelle Dub\u00e9 <\/a><\/div>\n<\/td>\n<td><\/td>\n<\/tr>\n<tr>\n<td>\n<div><a href=\"ttp:\/\/mblaisgallery.com\/home\/category\/suzette-emond\/\" target=\"_self\"><img loading=\"lazy\" decoding=\"async\" class=\"alignnone size-full wp-image-529\" title=\"emond\" src=\"http:\/\/mblaisgallery.com\/home\/wp-content\/uploads\/2010\/04\/emond.jpg\" alt=\"\" width=\"90\" height=\"100\" \/><\/a><\/div>\n<\/td>\n<td>\n<div><a href=\"http:\/\/mblaisgallery.com\/home\/category\/paule-lagace\/\" target=\"_self\"><img loading=\"lazy\" decoding=\"async\" class=\"alignnone size-full wp-image-530\" title=\"lagace\" src=\"http:\/\/mblaisgallery.com\/home\/wp-content\/uploads\/2010\/04\/lagace.jpg\" alt=\"\" width=\"90\" height=\"100\" \/><\/a><\/div>\n<\/td>\n<td>\n<div><a href=\"http:\/\/mblaisgallery.com\/home\/category\/albini-leblanc\/\" target=\"_self\"><img loading=\"lazy\" decoding=\"async\" class=\"alignnone size-full wp-image-532\" title=\"leblanc\" src=\"http:\/\/mblaisgallery.com\/home\/wp-content\/uploads\/2010\/04\/leblanc.jpg\" alt=\"\" width=\"90\" height=\"100\" \/><\/a><\/div>\n<\/td>\n<td>\n<div><a href=\"http:\/\/mblaisgallery.com\/home\/category\/michel-leroux\/\" target=\"_self\"><img loading=\"lazy\" decoding=\"async\" title=\"leroux\" src=\"http:\/\/mblaisgallery.com\/home\/wp-content\/uploads\/2010\/04\/leroux.jpg\" alt=\"\" width=\"90\" height=\"100\" \/><\/a><\/div>\n<\/td>\n<td>\n<div><a href=\"http:\/\/mblaisgallery.com\/home\/category\/pierre-patry\/\" target=\"_self\"><img loading=\"lazy\" decoding=\"async\" title=\"patry\" src=\"http:\/\/mblaisgallery.com\/home\/wp-content\/uploads\/2010\/04\/patry.jpg\" alt=\"\" width=\"90\" height=\"100\" \/><\/a><\/div>\n<\/td>\n<td><\/td>\n<\/tr>\n<tr>\n<td>\n<div><a href=\"ttp:\/\/mblaisgallery.com\/home\/category\/suzette-emond\/\" target=\"_self\">Suzette Emond<\/a><\/div>\n<\/td>\n<td>\n<div><a href=\"http:\/\/mblaisgallery.com\/home\/category\/paule-lagace\/\" target=\"_self\">Paule Lagac\u00e9<\/a><\/div>\n<\/td>\n<td>\n<div><a href=\"http:\/\/mblaisgallery.com\/home\/category\/albini-leblanc\/\" target=\"_self\">Albini LeBlanc<\/a><\/div>\n<\/td>\n<td>\n<div><a href=\"http:\/\/mblaisgallery.com\/home\/category\/madeleine-lemire\/\" target=\"_self\"><\/a><a href=\"http:\/\/mblaisgallery.com\/home\/category\/michel-leroux\/\" target=\"_self\">Michel LeRoux<\/a><\/div>\n<\/td>\n<td>\n<div><a href=\"http:\/\/mblaisgallery.com\/home\/category\/pierre-patry\/\" target=\"_self\">Pierre Patry<\/a><\/div>\n<\/td>\n<td><\/td>\n<\/tr>\n<tr>\n<td>\n<div>\n<div><a href=\"http:\/\/mblaisgallery.com\/home\/category\/paquin-frenette\/\" target=\"_self\"><img loading=\"lazy\" decoding=\"async\" title=\"frenette\" src=\"http:\/\/mblaisgallery.com\/home\/wp-content\/uploads\/2010\/04\/frenette.jpg\" alt=\"\" width=\"90\" height=\"100\" \/><\/a><\/div>\n<\/div>\n<\/td>\n<td><a href=\"http:\/\/mblaisgallery.com\/home\/category\/andre-perreault\/\" target=\"_self\"><img loading=\"lazy\" decoding=\"async\" title=\"perreault\" src=\"http:\/\/mblaisgallery.com\/home\/wp-content\/uploads\/2010\/04\/perreault.jpg\" alt=\"\" width=\"90\" height=\"100\" \/><\/a><\/td>\n<td><a href=\"http:\/\/mblaisgallery.com\/home\/category\/michel-pleau\/\" target=\"_self\"><img loading=\"lazy\" decoding=\"async\" title=\"pleau\" src=\"http:\/\/mblaisgallery.com\/home\/wp-content\/uploads\/2010\/04\/pleau.jpg\" alt=\"\" width=\"90\" height=\"100\" \/><\/a><\/td>\n<td><a href=\"http:\/\/mblaisgallery.com\/home\/category\/marc-simeon\/\" target=\"_self\"><img loading=\"lazy\" decoding=\"async\" title=\"simeon\" src=\"http:\/\/mblaisgallery.com\/home\/wp-content\/uploads\/2010\/04\/simeon.jpg\" alt=\"\" width=\"90\" height=\"100\" \/><\/a><\/td>\n<td>\n<div><a href=\"http:\/\/mblaisgallery.com\/home\/category\/claude-theberge\/\" target=\"_self\"><img loading=\"lazy\" decoding=\"async\" title=\"theberge\" src=\"http:\/\/mblaisgallery.com\/home\/wp-content\/uploads\/2010\/04\/theberge.jpg\" alt=\"\" width=\"90\" height=\"100\" \/><\/a><\/div>\n<\/td>\n<td><\/td>\n<\/tr>\n<tr>\n<td>\n<div><a href=\"http:\/\/mblaisgallery.com\/home\/category\/paquin-frenette\/\" target=\"_self\">Paquin &amp; Frenette<\/a><\/div>\n<\/td>\n<td>\n<div><a href=\"http:\/\/mblaisgallery.com\/home\/category\/andre-perreault\/\" target=\"_self\">Andre Perreault<\/a><\/div>\n<\/td>\n<td>\n<div><a href=\"http:\/\/mblaisgallery.com\/home\/category\/michel-pleau\/\" target=\"_self\">Michel Pleau<\/a><\/div>\n<\/td>\n<td>\n<div><a href=\"http:\/\/mblaisgallery.com\/home\/category\/marc-simeon\/\" target=\"_self\">Marc Simeon<\/a><\/div>\n<\/td>\n<td>\n<div><a href=\"http:\/\/mblaisgallery.com\/home\/category\/claude-theberge\/\" target=\"_self\">Claude Th\u00e9berge<\/a><\/div>\n<\/td>\n<td><\/td>\n<\/tr>\n<tr>\n<td>\n<div><a href=\"http:\/\/mblaisgallery.com\/home\/category\/murano-glass\/\" target=\"_self\"><img loading=\"lazy\" decoding=\"async\" title=\"glass\" src=\"http:\/\/mblaisgallery.com\/home\/wp-content\/uploads\/2010\/04\/glass.jpg\" alt=\"\" width=\"90\" height=\"100\" \/><\/a><\/div>\n<\/td>\n<td>\n<div><a href=\"http:\/\/mblaisgallery.com\/home\/category\/chalet-glass\/\" target=\"_self\"><img loading=\"lazy\" decoding=\"async\" title=\"glass\" src=\"http:\/\/mblaisgallery.com\/home\/wp-content\/uploads\/2010\/04\/glass.jpg\" alt=\"\" width=\"90\" height=\"100\" \/><\/a><\/div>\n<\/td>\n<td><\/td>\n<td><\/td>\n<td><\/td>\n<td><\/td>\n<\/tr>\n<tr>\n<td>\n<div><a href=\"http:\/\/mblaisgallery.com\/home\/category\/murano-glass\/\" target=\"_self\">Murano Art Glass<\/a><\/div>\n<\/td>\n<td><a href=\"http:\/\/mblaisgallery.com\/home\/category\/chalet-glass\/\" target=\"_self\">Chalet Art Glass<\/a><\/td>\n<td><\/td>\n<td><\/td>\n<td><\/td>\n<td><\/td>\n<\/tr>\n<\/tbody>\n<\/table>\n","protected":false},"excerpt":{"rendered":"<p>Thank you for visiting our online gallery. Michel Blais gallery is located in beautiful Vancouver, Canada. Since 1984, we have been proudly represnting top French-Canadian artists. Our permanent collection includes masterful works by\u00a0 Claude Th\u00e9berge, Corno, Marcelle Dub\u00e9, Pierre Patry, Albini LeBlanc, Johanne Cullen, Paule Lagac\u00e9 and Marc Simeon. We hope you enjoy your visit. [&hellip;]<\/p>\n","protected":false},"author":1,"featured_media":0,"parent":0,"menu_order":0,"comment_status":"closed","ping_status":"open","template":"","meta":{"footnotes":""},"class_list":["post-2","page","type-page","status-publish","hentry"],"_links":{"self":[{"href":"http:\/\/mblaisgallery.com\/home\/wp-json\/wp\/v2\/pages\/2","targetHints":{"allow":["GET"]}}],"collection":[{"href":"http:\/\/mblaisgallery.com\/home\/wp-json\/wp\/v2\/pages"}],"about":[{"href":"http:\/\/mblaisgallery.com\/home\/wp-json\/wp\/v2\/types\/page"}],"author":[{"embeddable":true,"href":"http:\/\/mblaisgallery.com\/home\/wp-json\/wp\/v2\/users\/1"}],"replies":[{"embeddable":true,"href":"http:\/\/mblaisgallery.com\/home\/wp-json\/wp\/v2\/comments?post=2"}],"version-history":[{"count":32,"href":"http:\/\/mblaisgallery.com\/home\/wp-json\/wp\/v2\/pages\/2\/revisions"}],"predecessor-version":[{"id":23,"href":"http:\/\/mblaisgallery.com\/home\/wp-json\/wp\/v2\/pages\/2\/revisions\/23"}],"wp:attachment":[{"href":"http:\/\/mblaisgallery.com\/home\/wp-json\/wp\/v2\/media?parent=2"}],"curies":[{"name":"wp","href":"https:\/\/api.w.org\/{rel}","templated":true}]}}